{"id":15,"date":"2024-07-06T01:50:28","date_gmt":"2024-07-06T06:50:28","guid":{"rendered":"https:\/\/sergiogarciadg.com.mx\/?page_id=15"},"modified":"2025-07-11T00:22:59","modified_gmt":"2025-07-11T05:22:59","slug":"home","status":"publish","type":"page","link":"https:\/\/sergiogarciadg.com.mx\/","title":{"rendered":"Home"},"content":{"rendered":"<section class=\"bde-section-15-164 bde-section\">\n  \n\t\n\n\n\n<div class=\"section-container\"><div class=\"bde-columns-15-165 bde-columns\"><div class=\"bde-column-15-166 bde-column\">\n  \n\t\n\n\n\n<div class=\"bde-animated-heading-15-168 bde-animated-heading\">\n<h1 class=\"bde-animated-heading__text\">\n\t<span>Dise\u00f1o de alto impacto que<\/span>\n\n\t<span class=\"bde-animated-heading__wrapper\"><\/span>\n\n\n\n\n<\/h1>\n\n<noscript>\n      <h1 class=\"bde-animated-heading__noscript\">\n      <span>Dise\u00f1o de alto impacto que<\/span>\n      Suma\n      <span><\/span>\n    <\/h1>\n      <h1 class=\"bde-animated-heading__noscript\">\n      <span>Dise\u00f1o de alto impacto que<\/span>\n      Conecta\n      <span><\/span>\n    <\/h1>\n      <h1 class=\"bde-animated-heading__noscript\">\n      <span>Dise\u00f1o de alto impacto que<\/span>\n      Vende\n      <span><\/span>\n    <\/h1>\n  <\/noscript>\n<\/div><div class=\"bde-text-15-169 bde-text\">\nMe encanta darle cara a proyectos nuevos, marcas en crecimiento y agencias que buscan aliados creativos. Este es mi portafolio. Date una vuelta.\n<\/div><div class=\"bde-button-15-170 bde-button\">\n    \n                                    \n    \n    \n    \n    \n            \n                    \n            \n            \n\n    \n    \n    \n    \n    \n    <a class=\"breakdance-link button-atom button-atom--custom bde-button__button\" href=\"#\" target=\"_self\" data-type=\"url\"  >\n\n    \n        <span class=\"button-atom__text\">Start Free Trial<\/span>\n\n        \n        \n                <\/a>\n\n    \n\n\n<\/div>\n<\/div><div class=\"bde-column-15-171 bde-column\">\n  \n\t\n\n\n\n\n<\/div><\/div><\/div>\n<\/section><section class=\"bde-section-15-100 bde-section\">\n  \n\t\n\n\n\n<div class=\"section-container\"><div class=\"bde-div-15-101 bde-div\">\n  \n\t\n\n\n\n<div class=\"bde-div-15-102 bde-div\">\n  \n\t\n\n\n\n<h2 class=\"bde-heading-15-103 bde-heading\">\nPortfolio\n<\/h2><div class=\"bde-text-15-104 bde-text\">\nLorem ipsum dolor sit amet consectetur. Pellentesque augue netus tempus morbi luctus. Nulla lorem velit.\n<\/div>\n<\/div><div class=\"bde-div-15-105 bde-div\">\n  \n\t\n\n\n\n<div class=\"bde-button-15-106 bde-button\">\n    \n                                    \n    \n    \n    \n    \n            \n                    \n            \n            \n\n    \n    \n    \n    \n    \n    <a class=\"breakdance-link button-atom button-atom--text bde-button__button\" href=\"https:\/\/breakdancelibrary.com\/freelance\/portfolio\/\" target=\"_self\" data-type=\"url\"  >\n\n    \n        <span class=\"button-atom__text\">see all work<\/span>\n\n        \n        \n                <\/a>\n\n    \n\n\n<\/div><div class=\"bde-icon-15-107 bde-icon\">\n\n    \n                    \n            \n            \n\n    \n    \n    \n    \n    \n    <a class=\"breakdance-link bde-icon-icon breakdance-icon-atom\" href=\"https:\/\/breakdancelibrary.com\/freelance\/portfolio\/\" target=\"_self\" data-type=\"url\"  >\n\n    \n                    <svg xmlns=\"http:\/\/www.w3.org\/2000\/svg\" width=\"35\" height=\"35\" viewBox=\"0 0 35 35\" fill=\"none\">\n<circle cx=\"17.5\" cy=\"17.5\" r=\"17\" fill=\"#1C1C1C\" stroke=\"#FBF7F4\"\/>\n<path d=\"M11.4 25L10 23.6L21.6 12H15V10H25V20H23V13.4L11.4 25Z\" fill=\"#FBF7F4\"\/>\n<\/svg>\n        \n        \n        \n                <\/a>\n\n    \n\n\n<\/div>\n<\/div><div class=\"bde-button-15-108 bde-button\">\n    \n                                    \n    \n    \n    \n    \n            \n                    \n            \n            \n\n    \n    \n    \n    \n    \n    <a class=\"breakdance-link button-atom button-atom--primary bde-button__button\" href=\"https:\/\/breakdancelibrary.com\/freelance\/contact\/\" target=\"_self\" data-type=\"url\"  >\n\n    \n        <span class=\"button-atom__text\">hire me today<\/span>\n\n        \n        \n                <\/a>\n\n    \n\n\n<\/div>\n<\/div><div class=\"bde-post-loop-15-109 bde-post-loop\">\n<div class=\"ee-posts ee-posts-grid\"><\/div>\n\n<\/div><\/div>\n<\/section><section class=\"bde-section-15-110 bde-section\">\n  \n\t\n\n\n\n<div class=\"section-container\"><h2 class=\"bde-heading-15-111 bde-heading\">\nPortfolio Slider\n<\/h2><div class=\"bde-advancedslider-15-112 bde-advancedslider\">\n<div class=\"breakdance-swiper-wrapper\" data-swiper-id=\"112\">\n  <div class=\"swiper\">\n    <div class=\"swiper-wrapper\">\n      <div class=\"bde-advancedslide-15-113 bde-advancedslide swiper-slide\">\n<div class=\"advanced-slider__slide\">\n  <div class=\"bde-columns-15-114 bde-columns\"><div class=\"bde-column-15-115 bde-column\">\n  \n\t\n\n\n\n<a class=\"bde-container-link-15-116 bde-container-link breakdance-link\" href=\"https:\/\/brewery.oxy.host\/\" target=\"_blank\" data-type=\"url\">\n  \n\t\n\n\n\n<div class=\"bde-image-with-zoom-15-117 bde-image-with-zoom image-width-zoom\" style=\"background-image: url(https:\/\/breakdancelibrary.com\/samba\/wp-content\/uploads\/sites\/2\/2023\/06\/brewery@2x.jpg\">\n    <img decoding=\"async\" class=\"breakdance-image-object\" src=\"https:\/\/breakdancelibrary.com\/samba\/wp-content\/uploads\/sites\/2\/2023\/06\/brewery@2x.jpg\" width=\"1600\" height=\"1200\" srcset=\"https:\/\/breakdancelibrary.com\/samba\/wp-content\/uploads\/sites\/2\/2023\/06\/brewery@2x.jpg 1600w, https:\/\/breakdancelibrary.com\/samba\/wp-content\/uploads\/sites\/2\/2023\/06\/brewery@2x-300x225.jpg 300w, https:\/\/breakdancelibrary.com\/samba\/wp-content\/uploads\/sites\/2\/2023\/06\/brewery@2x-1024x768.jpg 1024w, https:\/\/breakdancelibrary.com\/samba\/wp-content\/uploads\/sites\/2\/2023\/06\/brewery@2x-768x576.jpg 768w, https:\/\/breakdancelibrary.com\/samba\/wp-content\/uploads\/sites\/2\/2023\/06\/brewery@2x-1536x1152.jpg 1536w, https:\/\/breakdancelibrary.com\/samba\/wp-content\/uploads\/sites\/2\/2023\/06\/brewery@2x-600x450.jpg 600w\" sizes=\"auto, (max-width: 1600px) 100vw, 1600px\" loading=\"lazy\">\n<\/div><h3 class=\"bde-heading-15-118 bde-heading\">\nBrewery\n<\/h3><div class=\"bde-text-15-119 bde-text\">\nSed viverra tellus in hac habitasse. Pharetra vel turpis.\n<\/div>\n\n<\/a>\n<\/div><div class=\"bde-column-15-120 bde-column\">\n  \n\t\n\n\n\n<a class=\"bde-container-link-15-121 bde-container-link breakdance-link\" href=\"https:\/\/marketingagencyb.oxy.host\/\" target=\"_blank\" data-type=\"url\">\n  \n\t\n\n\n\n<div class=\"bde-image-with-zoom-15-122 bde-image-with-zoom image-width-zoom\" style=\"background-image: url(https:\/\/breakdancelibrary.com\/samba\/wp-content\/uploads\/sites\/2\/2023\/06\/agency@2x.jpg\">\n    <img decoding=\"async\" class=\"breakdance-image-object\" src=\"https:\/\/breakdancelibrary.com\/samba\/wp-content\/uploads\/sites\/2\/2023\/06\/agency@2x.jpg\" width=\"1600\" height=\"1200\" srcset=\"https:\/\/breakdancelibrary.com\/samba\/wp-content\/uploads\/sites\/2\/2023\/06\/agency@2x.jpg 1600w, https:\/\/breakdancelibrary.com\/samba\/wp-content\/uploads\/sites\/2\/2023\/06\/agency@2x-300x225.jpg 300w, https:\/\/breakdancelibrary.com\/samba\/wp-content\/uploads\/sites\/2\/2023\/06\/agency@2x-1024x768.jpg 1024w, https:\/\/breakdancelibrary.com\/samba\/wp-content\/uploads\/sites\/2\/2023\/06\/agency@2x-768x576.jpg 768w, https:\/\/breakdancelibrary.com\/samba\/wp-content\/uploads\/sites\/2\/2023\/06\/agency@2x-1536x1152.jpg 1536w, https:\/\/breakdancelibrary.com\/samba\/wp-content\/uploads\/sites\/2\/2023\/06\/agency@2x-600x450.jpg 600w\" sizes=\"auto, (max-width: 1600px) 100vw, 1600px\" loading=\"lazy\">\n<\/div><h3 class=\"bde-heading-15-123 bde-heading\">\nAgency\n<\/h3><div class=\"bde-text-15-124 bde-text\">\nId leo in vitae turpis massa. In aliquam sem fringilla.\n<\/div>\n\n<\/a>\n<\/div><div class=\"bde-column-15-125 bde-column\">\n  \n\t\n\n\n\n<a class=\"bde-container-link-15-126 bde-container-link breakdance-link\" href=\"https:\/\/fancyfreelancer.oxy.host\/\" target=\"_blank\" data-type=\"url\">\n  \n\t\n\n\n\n<div class=\"bde-image-with-zoom-15-127 bde-image-with-zoom image-width-zoom\" style=\"background-image: url(https:\/\/breakdancelibrary.com\/samba\/wp-content\/uploads\/sites\/2\/2023\/06\/fancyfreelancer@2x.jpg\">\n    <img decoding=\"async\" class=\"breakdance-image-object\" src=\"https:\/\/breakdancelibrary.com\/samba\/wp-content\/uploads\/sites\/2\/2023\/06\/fancyfreelancer@2x.jpg\" width=\"1600\" height=\"1200\" srcset=\"https:\/\/breakdancelibrary.com\/samba\/wp-content\/uploads\/sites\/2\/2023\/06\/fancyfreelancer@2x.jpg 1600w, https:\/\/breakdancelibrary.com\/samba\/wp-content\/uploads\/sites\/2\/2023\/06\/fancyfreelancer@2x-300x225.jpg 300w, https:\/\/breakdancelibrary.com\/samba\/wp-content\/uploads\/sites\/2\/2023\/06\/fancyfreelancer@2x-1024x768.jpg 1024w, https:\/\/breakdancelibrary.com\/samba\/wp-content\/uploads\/sites\/2\/2023\/06\/fancyfreelancer@2x-768x576.jpg 768w, https:\/\/breakdancelibrary.com\/samba\/wp-content\/uploads\/sites\/2\/2023\/06\/fancyfreelancer@2x-1536x1152.jpg 1536w, https:\/\/breakdancelibrary.com\/samba\/wp-content\/uploads\/sites\/2\/2023\/06\/fancyfreelancer@2x-600x450.jpg 600w\" sizes=\"auto, (max-width: 1600px) 100vw, 1600px\" loading=\"lazy\">\n<\/div><h3 class=\"bde-heading-15-128 bde-heading\">\nFreelancer\n<\/h3><div class=\"bde-text-15-129 bde-text\">\nLibero id faucibus nisl tincidunt eget nullam non nisi est.\n<\/div>\n\n<\/a>\n<\/div><\/div>\n<\/div>\n<\/div><div class=\"bde-advancedslide-15-130 bde-advancedslide swiper-slide\">\n<div class=\"advanced-slider__slide\">\n  <div class=\"bde-columns-15-131 bde-columns\"><div class=\"bde-column-15-132 bde-column\">\n  \n\t\n\n\n\n<a class=\"bde-container-link-15-133 bde-container-link breakdance-link\" href=\"https:\/\/hyperion.oxy.host\/\" target=\"_blank\" data-type=\"url\">\n  \n\t\n\n\n\n<div class=\"bde-image-with-zoom-15-134 bde-image-with-zoom image-width-zoom\" style=\"background-image: url(https:\/\/breakdancelibrary.com\/samba\/wp-content\/uploads\/sites\/2\/2023\/06\/hyperion@2x.jpg\">\n    <img decoding=\"async\" class=\"breakdance-image-object\" src=\"https:\/\/breakdancelibrary.com\/samba\/wp-content\/uploads\/sites\/2\/2023\/06\/hyperion@2x.jpg\" width=\"1600\" height=\"1200\" srcset=\"https:\/\/breakdancelibrary.com\/samba\/wp-content\/uploads\/sites\/2\/2023\/06\/hyperion@2x.jpg 1600w, https:\/\/breakdancelibrary.com\/samba\/wp-content\/uploads\/sites\/2\/2023\/06\/hyperion@2x-300x225.jpg 300w, https:\/\/breakdancelibrary.com\/samba\/wp-content\/uploads\/sites\/2\/2023\/06\/hyperion@2x-1024x768.jpg 1024w, https:\/\/breakdancelibrary.com\/samba\/wp-content\/uploads\/sites\/2\/2023\/06\/hyperion@2x-768x576.jpg 768w, https:\/\/breakdancelibrary.com\/samba\/wp-content\/uploads\/sites\/2\/2023\/06\/hyperion@2x-1536x1152.jpg 1536w, https:\/\/breakdancelibrary.com\/samba\/wp-content\/uploads\/sites\/2\/2023\/06\/hyperion@2x-600x450.jpg 600w\" sizes=\"auto, (max-width: 1600px) 100vw, 1600px\" loading=\"lazy\">\n<\/div><h3 class=\"bde-heading-15-135 bde-heading\">\nHyperion UI Kit\n<\/h3><div class=\"bde-text-15-136 bde-text\">\nQuam lacus suspendisse faucibus interdum posuere.\n<\/div>\n\n<\/a>\n<\/div><div class=\"bde-column-15-137 bde-column\">\n  \n\t\n\n\n\n<a class=\"bde-container-link-15-138 bde-container-link breakdance-link\" href=\"https:\/\/winery.oxy.host\/\" target=\"_blank\" data-type=\"url\">\n  \n\t\n\n\n\n<div class=\"bde-image-with-zoom-15-139 bde-image-with-zoom image-width-zoom\" style=\"background-image: url(https:\/\/breakdancelibrary.com\/samba\/wp-content\/uploads\/sites\/2\/2023\/06\/winery@2x.jpg\">\n    <img decoding=\"async\" class=\"breakdance-image-object\" src=\"https:\/\/breakdancelibrary.com\/samba\/wp-content\/uploads\/sites\/2\/2023\/06\/winery@2x.jpg\" width=\"1600\" height=\"1200\" srcset=\"https:\/\/breakdancelibrary.com\/samba\/wp-content\/uploads\/sites\/2\/2023\/06\/winery@2x.jpg 1600w, https:\/\/breakdancelibrary.com\/samba\/wp-content\/uploads\/sites\/2\/2023\/06\/winery@2x-300x225.jpg 300w, https:\/\/breakdancelibrary.com\/samba\/wp-content\/uploads\/sites\/2\/2023\/06\/winery@2x-1024x768.jpg 1024w, https:\/\/breakdancelibrary.com\/samba\/wp-content\/uploads\/sites\/2\/2023\/06\/winery@2x-768x576.jpg 768w, https:\/\/breakdancelibrary.com\/samba\/wp-content\/uploads\/sites\/2\/2023\/06\/winery@2x-1536x1152.jpg 1536w, https:\/\/breakdancelibrary.com\/samba\/wp-content\/uploads\/sites\/2\/2023\/06\/winery@2x-600x450.jpg 600w\" sizes=\"auto, (max-width: 1600px) 100vw, 1600px\" loading=\"lazy\">\n<\/div><h3 class=\"bde-heading-15-140 bde-heading\">\nWinery\n<\/h3><div class=\"bde-text-15-141 bde-text\">\nVehicula ipsum a arcu cursus vitae congue.\n<\/div>\n\n<\/a>\n<\/div><div class=\"bde-column-15-142 bde-column\">\n  \n\t\n\n\n\n<a class=\"bde-container-link-15-143 bde-container-link breakdance-link\" href=\"https:\/\/musicteacher.oxy.host\/\" target=\"_blank\" data-type=\"url\">\n  \n\t\n\n\n\n<div class=\"bde-image-with-zoom-15-144 bde-image-with-zoom image-width-zoom\" style=\"background-image: url(https:\/\/breakdancelibrary.com\/samba\/wp-content\/uploads\/sites\/2\/2023\/06\/musicteacher@2x.jpg\">\n    <img decoding=\"async\" class=\"breakdance-image-object\" src=\"https:\/\/breakdancelibrary.com\/samba\/wp-content\/uploads\/sites\/2\/2023\/06\/musicteacher@2x.jpg\" width=\"1600\" height=\"1200\" srcset=\"https:\/\/breakdancelibrary.com\/samba\/wp-content\/uploads\/sites\/2\/2023\/06\/musicteacher@2x.jpg 1600w, https:\/\/breakdancelibrary.com\/samba\/wp-content\/uploads\/sites\/2\/2023\/06\/musicteacher@2x-300x225.jpg 300w, https:\/\/breakdancelibrary.com\/samba\/wp-content\/uploads\/sites\/2\/2023\/06\/musicteacher@2x-1024x768.jpg 1024w, https:\/\/breakdancelibrary.com\/samba\/wp-content\/uploads\/sites\/2\/2023\/06\/musicteacher@2x-768x576.jpg 768w, https:\/\/breakdancelibrary.com\/samba\/wp-content\/uploads\/sites\/2\/2023\/06\/musicteacher@2x-1536x1152.jpg 1536w, https:\/\/breakdancelibrary.com\/samba\/wp-content\/uploads\/sites\/2\/2023\/06\/musicteacher@2x-600x450.jpg 600w\" sizes=\"auto, (max-width: 1600px) 100vw, 1600px\" loading=\"lazy\">\n<\/div><h3 class=\"bde-heading-15-145 bde-heading\">\nMusic Teacher\n<\/h3><div class=\"bde-text-15-146 bde-text\">\nPulvinar elementum integer enim neque volutpat ac.\n<\/div>\n\n<\/a>\n<\/div><\/div>\n<\/div>\n<\/div><div class=\"bde-advancedslide-15-147 bde-advancedslide swiper-slide\">\n<div class=\"advanced-slider__slide\">\n  <div class=\"bde-columns-15-148 bde-columns\"><div class=\"bde-column-15-149 bde-column\">\n  \n\t\n\n\n\n<a class=\"bde-container-link-15-150 bde-container-link breakdance-link\" href=\"https:\/\/conference.oxy.host\/\" target=\"_blank\" data-type=\"url\">\n  \n\t\n\n\n\n<div class=\"bde-image-with-zoom-15-151 bde-image-with-zoom image-width-zoom\" style=\"background-image: url(https:\/\/breakdancelibrary.com\/samba\/wp-content\/uploads\/sites\/2\/2023\/06\/conference@2x.jpg\">\n    <img decoding=\"async\" class=\"breakdance-image-object\" src=\"https:\/\/breakdancelibrary.com\/samba\/wp-content\/uploads\/sites\/2\/2023\/06\/conference@2x.jpg\" width=\"1600\" height=\"1200\" srcset=\"https:\/\/breakdancelibrary.com\/samba\/wp-content\/uploads\/sites\/2\/2023\/06\/conference@2x.jpg 1600w, https:\/\/breakdancelibrary.com\/samba\/wp-content\/uploads\/sites\/2\/2023\/06\/conference@2x-300x225.jpg 300w, https:\/\/breakdancelibrary.com\/samba\/wp-content\/uploads\/sites\/2\/2023\/06\/conference@2x-1024x768.jpg 1024w, https:\/\/breakdancelibrary.com\/samba\/wp-content\/uploads\/sites\/2\/2023\/06\/conference@2x-768x576.jpg 768w, https:\/\/breakdancelibrary.com\/samba\/wp-content\/uploads\/sites\/2\/2023\/06\/conference@2x-1536x1152.jpg 1536w, https:\/\/breakdancelibrary.com\/samba\/wp-content\/uploads\/sites\/2\/2023\/06\/conference@2x-600x450.jpg 600w\" sizes=\"auto, (max-width: 1600px) 100vw, 1600px\" loading=\"lazy\">\n<\/div><h3 class=\"bde-heading-15-152 bde-heading\">\nConference\n<\/h3><div class=\"bde-text-15-153 bde-text\">\nLeo a diam sollicitudin tempor id eu nisl. Eget lorem dolor sed viverra.\n<\/div>\n\n<\/a>\n<\/div><div class=\"bde-column-15-154 bde-column\">\n  \n\t\n\n\n\n<a class=\"bde-container-link-15-155 bde-container-link breakdance-link\" href=\"http:\/\/ecommerce-one.oxy.host\/\" target=\"_blank\" data-type=\"url\">\n  \n\t\n\n\n\n<div class=\"bde-image-with-zoom-15-156 bde-image-with-zoom image-width-zoom\" style=\"background-image: url(https:\/\/breakdancelibrary.com\/samba\/wp-content\/uploads\/sites\/2\/2023\/06\/ecommerce-one@2x.jpg\">\n    <img decoding=\"async\" class=\"breakdance-image-object\" src=\"https:\/\/breakdancelibrary.com\/samba\/wp-content\/uploads\/sites\/2\/2023\/06\/ecommerce-one@2x.jpg\" width=\"1600\" height=\"1200\" srcset=\"https:\/\/breakdancelibrary.com\/samba\/wp-content\/uploads\/sites\/2\/2023\/06\/ecommerce-one@2x.jpg 1600w, https:\/\/breakdancelibrary.com\/samba\/wp-content\/uploads\/sites\/2\/2023\/06\/ecommerce-one@2x-300x225.jpg 300w, https:\/\/breakdancelibrary.com\/samba\/wp-content\/uploads\/sites\/2\/2023\/06\/ecommerce-one@2x-1024x768.jpg 1024w, https:\/\/breakdancelibrary.com\/samba\/wp-content\/uploads\/sites\/2\/2023\/06\/ecommerce-one@2x-768x576.jpg 768w, https:\/\/breakdancelibrary.com\/samba\/wp-content\/uploads\/sites\/2\/2023\/06\/ecommerce-one@2x-1536x1152.jpg 1536w, https:\/\/breakdancelibrary.com\/samba\/wp-content\/uploads\/sites\/2\/2023\/06\/ecommerce-one@2x-600x450.jpg 600w\" sizes=\"auto, (max-width: 1600px) 100vw, 1600px\" loading=\"lazy\">\n<\/div><h3 class=\"bde-heading-15-157 bde-heading\">\nE-Commerce One\n<\/h3><div class=\"bde-text-15-158 bde-text\">\nMollis nunc sed id semper risus. Nec ullamcorper sit amet risus.\n<\/div>\n\n<\/a>\n<\/div><div class=\"bde-column-15-159 bde-column\">\n  \n\t\n\n\n\n<a class=\"bde-container-link-15-160 bde-container-link breakdance-link\" href=\"https:\/\/financial.oxy.host\/\" target=\"_blank\" data-type=\"url\">\n  \n\t\n\n\n\n<div class=\"bde-image-with-zoom-15-161 bde-image-with-zoom image-width-zoom\" style=\"background-image: url(https:\/\/breakdancelibrary.com\/samba\/wp-content\/uploads\/sites\/2\/2023\/06\/financial@2x.jpg\">\n    <img decoding=\"async\" class=\"breakdance-image-object\" src=\"https:\/\/breakdancelibrary.com\/samba\/wp-content\/uploads\/sites\/2\/2023\/06\/financial@2x.jpg\" width=\"1600\" height=\"1200\" srcset=\"https:\/\/breakdancelibrary.com\/samba\/wp-content\/uploads\/sites\/2\/2023\/06\/financial@2x.jpg 1600w, https:\/\/breakdancelibrary.com\/samba\/wp-content\/uploads\/sites\/2\/2023\/06\/financial@2x-300x225.jpg 300w, https:\/\/breakdancelibrary.com\/samba\/wp-content\/uploads\/sites\/2\/2023\/06\/financial@2x-1024x768.jpg 1024w, https:\/\/breakdancelibrary.com\/samba\/wp-content\/uploads\/sites\/2\/2023\/06\/financial@2x-768x576.jpg 768w, https:\/\/breakdancelibrary.com\/samba\/wp-content\/uploads\/sites\/2\/2023\/06\/financial@2x-1536x1152.jpg 1536w, https:\/\/breakdancelibrary.com\/samba\/wp-content\/uploads\/sites\/2\/2023\/06\/financial@2x-600x450.jpg 600w\" sizes=\"auto, (max-width: 1600px) 100vw, 1600px\" loading=\"lazy\">\n<\/div><h3 class=\"bde-heading-15-162 bde-heading\">\nFinance\n<\/h3><div class=\"bde-text-15-163 bde-text\">\nCongue eu consequat ac felis donec. Faucibus pulvinar elementum.\n<\/div>\n\n<\/a>\n<\/div><\/div>\n<\/div>\n<\/div>\n    <\/div>\n  <\/div>\n\n              <div class=\"swiper-button-prev\">\n            \n        <\/div>\n        <div class=\"swiper-button-next\">\n            \n        <\/div>\n    \n            <div class=\"swiper-pagination\"><\/div>\n    \n<\/div>\n\n<\/div><\/div>\n<\/section>","protected":false},"excerpt":{"rendered":"<p>Dise\u00f1o de alto impacto que Dise\u00f1o de alto impacto que Suma Dise\u00f1o de alto impacto que Conecta Dise\u00f1o de alto impacto que Vende Me encanta darle cara a proyectos nuevos, marcas en crecimiento y agencias que buscan aliados creativos. Este es mi portafolio. Date una vuelta. Start Free Trial Portfolio Lorem ipsum dolor sit amet [&hellip;]<\/p>\n","protected":false},"author":1,"featured_media":0,"parent":0,"menu_order":0,"comment_status":"closed","ping_status":"closed","template":"","meta":{"_breakdance_hide_in_design_set":false,"_breakdance_tags":"","footnotes":""},"class_list":["post-15","page","type-page","status-publish","hentry"],"_links":{"self":[{"href":"https:\/\/sergiogarciadg.com.mx\/index.php\/wp-json\/wp\/v2\/pages\/15","targetHints":{"allow":["GET"]}}],"collection":[{"href":"https:\/\/sergiogarciadg.com.mx\/index.php\/wp-json\/wp\/v2\/pages"}],"about":[{"href":"https:\/\/sergiogarciadg.com.mx\/index.php\/wp-json\/wp\/v2\/types\/page"}],"author":[{"embeddable":true,"href":"https:\/\/sergiogarciadg.com.mx\/index.php\/wp-json\/wp\/v2\/users\/1"}],"replies":[{"embeddable":true,"href":"https:\/\/sergiogarciadg.com.mx\/index.php\/wp-json\/wp\/v2\/comments?post=15"}],"version-history":[{"count":11,"href":"https:\/\/sergiogarciadg.com.mx\/index.php\/wp-json\/wp\/v2\/pages\/15\/revisions"}],"predecessor-version":[{"id":77,"href":"https:\/\/sergiogarciadg.com.mx\/index.php\/wp-json\/wp\/v2\/pages\/15\/revisions\/77"}],"wp:attachment":[{"href":"https:\/\/sergiogarciadg.com.mx\/index.php\/wp-json\/wp\/v2\/media?parent=15"}],"curies":[{"name":"wp","href":"https:\/\/api.w.org\/{rel}","templated":true}]}}